{"id":57611,"date":"2024-03-06T07:47:55","date_gmt":"2024-03-06T02:17:55","guid":{"rendered":"https:\/\/www.sweans.com\/nuestros-trabajos\/"},"modified":"2024-03-06T07:47:55","modified_gmt":"2024-03-06T07:47:55","slug":"nuestros-trabajos","status":"publish","type":"page","link":"https:\/\/www.sweans.com\/es\/nuestros-trabajos\/","title":{"rendered":"NUESTROS TRABAJOS"},"content":{"rendered":"\t\t<div data-elementor-type=\"wp-page\" data-elementor-id=\"57611\" class=\"elementor elementor-57611 elementor-39\" data-elementor-post-type=\"page\">\n\t\t\t\t<div class=\"elementor-element elementor-element-da1d615 e-flex e-con-boxed e-con e-parent\" data-id=\"da1d615\" data-element_type=\"container\" data-e-type=\"container\">\n\t\t\t\t\t<div class=\"e-con-inner\">\n\t\t<div class=\"elementor-element elementor-element-5b14c9a e-con-full hooked-container e-flex e-con e-child\" data-id=\"5b14c9a\" data-element_type=\"container\" data-e-type=\"container\">\n\t\t\t\t<div class=\"elementor-element elementor-element-0fbc5c9 elementor-widget elementor-widget-heading\" data-id=\"0fbc5c9\" data-element_type=\"widget\" data-e-type=\"widget\" data-widget_type=\"heading.default\">\n\t\t\t\t<div class=\"elementor-widget-container\">\n\t\t\t\t\t<h1 class=\"elementor-heading-title elementor-size-default\">Our Work<span class=\"red-dot\">.<\/span><\/h1>\t\t\t\t<\/div>\n\t\t\t\t<\/div>\n\t\t<div class=\"elementor-element elementor-element-91ec162 e-con-full e-flex e-con e-child\" data-id=\"91ec162\" data-element_type=\"container\" data-e-type=\"container\">\n\t\t<div class=\"elementor-element elementor-element-849ad1a e-con-full category-filter-contain e-flex e-con e-child\" data-id=\"849ad1a\" data-element_type=\"container\" data-e-type=\"container\">\n\t\t\t\t<div class=\"elementor-element elementor-element-7fda205 elementor-widget__width-initial pointer-cursor elementor-mobile-align-justify elementor-widget-mobile__width-inherit elementor-widget elementor-widget-button\" data-id=\"7fda205\" data-element_type=\"widget\" data-e-type=\"widget\" data-custom-filters=\"industry\" data-widget_type=\"button.default\">\n\t\t\t\t<div class=\"elementor-widget-container\">\n\t\t\t\t\t\t\t\t\t<div class=\"elementor-button-wrapper\">\n\t\t\t\t\t<a class=\"elementor-button elementor-size-sm\" role=\"button\">\n\t\t\t\t\t\t<span class=\"elementor-button-content-wrapper\">\n\t\t\t\t\t\t<span class=\"elementor-button-icon\">\n\t\t\t\t<svg xmlns=\"http:\/\/www.w3.org\/2000\/svg\" width=\"21\" height=\"12\" viewBox=\"0 0 21 12\" fill=\"none\"><path d=\"M1 1L10.5 10.5L20 1\" stroke=\"black\"><\/path><\/svg>\t\t\t<\/span>\n\t\t\t\t\t\t\t\t\t<span class=\"elementor-button-text\">View by Industry<\/span>\n\t\t\t\t\t<\/span>\n\t\t\t\t\t<\/a>\n\t\t\t\t<\/div>\n\t\t\t\t\t\t\t\t<\/div>\n\t\t\t\t<\/div>\n\t\t\t\t<\/div>\n\t\t\t\t<div class=\"elementor-element elementor-element-5440579 elementor-hidden-mobile_extra elementor-hidden-mobile elementor-widget elementor-widget-html\" data-id=\"5440579\" data-element_type=\"widget\" data-e-type=\"widget\" data-widget_type=\"html.default\">\n\t\t\t\t<div class=\"elementor-widget-container\">\n\t\t\t\t\t<hr style=\"border:0;border-right:1px solid #EC1C24;height:\n100%;width2px\">\t\t\t\t<\/div>\n\t\t\t\t<\/div>\n\t\t<div class=\"elementor-element elementor-element-c263720 e-con-full category-filter-contain e-flex e-con e-child\" data-id=\"c263720\" data-element_type=\"container\" data-e-type=\"container\">\n\t\t\t\t<div class=\"elementor-element elementor-element-68fa632 elementor-widget__width-initial pointer-cursor elementor-mobile-align-justify elementor-widget-mobile__width-inherit elementor-widget elementor-widget-button\" data-id=\"68fa632\" data-element_type=\"widget\" data-e-type=\"widget\" data-custom-filters=\"specialize\" data-widget_type=\"button.default\">\n\t\t\t\t<div class=\"elementor-widget-container\">\n\t\t\t\t\t\t\t\t\t<div class=\"elementor-button-wrapper\">\n\t\t\t\t\t<a class=\"elementor-button elementor-size-sm\" role=\"button\">\n\t\t\t\t\t\t<span class=\"elementor-button-content-wrapper\">\n\t\t\t\t\t\t<span class=\"elementor-button-icon\">\n\t\t\t\t<svg xmlns=\"http:\/\/www.w3.org\/2000\/svg\" width=\"21\" height=\"12\" viewBox=\"0 0 21 12\" fill=\"none\"><path d=\"M1 1L10.5 10.5L20 1\" stroke=\"black\"><\/path><\/svg>\t\t\t<\/span>\n\t\t\t\t\t\t\t\t\t<span class=\"elementor-button-text\">We Specialise<\/span>\n\t\t\t\t\t<\/span>\n\t\t\t\t\t<\/a>\n\t\t\t\t<\/div>\n\t\t\t\t\t\t\t\t<\/div>\n\t\t\t\t<\/div>\n\t\t\t\t<div class=\"elementor-element elementor-element-45d09bd elementor-widget__width-initial category-filter-buttons elementor-widget elementor-widget-taxonomy-filter\" data-id=\"45d09bd\" data-element_type=\"widget\" data-e-type=\"widget\" id=\"specialize-filters\" data-settings=\"{&quot;taxonomy&quot;:&quot;speciality&quot;,&quot;multiple_selection&quot;:&quot;yes&quot;,&quot;selected_element&quot;:&quot;ad2735d&quot;,&quot;logical_combination&quot;:&quot;OR&quot;}\" data-widget_type=\"taxonomy-filter.default\">\n\t\t\t\t<div class=\"elementor-widget-container\">\n\t\t\t\t\t\t\t<search class=\"e-filter\" role=\"search\" data-base-url=\"https:\/\/www.sweans.com\/es\/\" data-page-num=\"1\">\n\t\t\t\t\t\t\t<button class=\"e-filter-item\" data-filter=\"real-estate\" aria-pressed=\"false\">Real Estate<\/button>\n\t\t\t\n\t\t\t\t\t\t\t\t\t<button class=\"e-filter-item\" data-filter=\"__all\" aria-pressed=\"true\">\n\t\t\t\tAll\t\t\t<\/button>\n\t\t\t\t\t<\/search>\n\t\t\t\t\t\t<\/div>\n\t\t\t\t<\/div>\n\t\t\t\t<\/div>\n\t\t\t\t<\/div>\n\t\t\t\t<\/div>\n\t\t<div class=\"elementor-element elementor-element-1b4947a e-con-full e-flex e-con e-child\" data-id=\"1b4947a\" data-element_type=\"container\" data-e-type=\"container\">\n\t\t\t\t<div class=\"elementor-element elementor-element-ad2735d elementor-grid-3 elementor-grid-tablet-2 elementor-grid-mobile-1 elementor-widget elementor-widget-loop-grid\" data-id=\"ad2735d\" data-element_type=\"widget\" data-e-type=\"widget\" data-settings=\"{&quot;template_id&quot;:395,&quot;row_gap&quot;:{&quot;unit&quot;:&quot;px&quot;,&quot;size&quot;:89,&quot;sizes&quot;:[]},&quot;row_gap_mobile&quot;:{&quot;unit&quot;:&quot;px&quot;,&quot;size&quot;:37,&quot;sizes&quot;:[]},&quot;pagination_type&quot;:&quot;numbers_and_prev_next&quot;,&quot;pagination_load_type&quot;:&quot;ajax&quot;,&quot;auto_scroll&quot;:&quot;yes&quot;,&quot;_skin&quot;:&quot;post&quot;,&quot;columns&quot;:&quot;3&quot;,&quot;columns_tablet&quot;:&quot;2&quot;,&quot;columns_mobile&quot;:&quot;1&quot;,&quot;edit_handle_selector&quot;:&quot;[data-elementor-type=\\&quot;loop-item\\&quot;]&quot;,&quot;row_gap_breakpoint1&quot;:{&quot;unit&quot;:&quot;px&quot;,&quot;size&quot;:&quot;&quot;,&quot;sizes&quot;:[]},&quot;row_gap_breakpoint0&quot;:{&quot;unit&quot;:&quot;px&quot;,&quot;size&quot;:&quot;&quot;,&quot;sizes&quot;:[]},&quot;row_gap_laptop&quot;:{&quot;unit&quot;:&quot;px&quot;,&quot;size&quot;:&quot;&quot;,&quot;sizes&quot;:[]},&quot;row_gap_tablet_extra&quot;:{&quot;unit&quot;:&quot;px&quot;,&quot;size&quot;:&quot;&quot;,&quot;sizes&quot;:[]},&quot;row_gap_tablet&quot;:{&quot;unit&quot;:&quot;px&quot;,&quot;size&quot;:&quot;&quot;,&quot;sizes&quot;:[]},&quot;row_gap_mobile_extra&quot;:{&quot;unit&quot;:&quot;px&quot;,&quot;size&quot;:&quot;&quot;,&quot;sizes&quot;:[]}}\" data-widget_type=\"loop-grid.post\">\n\t\t\t\t<div class=\"elementor-widget-container\">\n\t\t\t\t\t\t\t<div class=\"elementor-loop-container elementor-grid\" role=\"list\">\n\t\t<style id=\"loop-395\">.elementor-395 .elementor-element.elementor-element-295d3a5{--display:flex;--flex-direction:column;--container-widget-width:100%;--container-widget-height:initial;--container-widget-flex-grow:0;--container-widget-align-self:initial;--flex-wrap-mobile:wrap;--padding-top:0px;--padding-bottom:0px;--padding-left:0px;--padding-right:0px;}.elementor-widget-theme-post-featured-image .widget-image-caption{color:var( --e-global-color-text );font-family:var( --e-global-typography-text-font-family ), Sans-serif;font-size:var( --e-global-typography-text-font-size );font-weight:var( --e-global-typography-text-font-weight );}.elementor-395 .elementor-element.elementor-element-b6462e6 img{width:458px;border-radius:10px 10px 10px 10px;}.elementor-widget-image .widget-image-caption{color:var( --e-global-color-text );font-family:var( --e-global-typography-text-font-family ), Sans-serif;font-size:var( --e-global-typography-text-font-size );font-weight:var( --e-global-typography-text-font-weight );}.elementor-widget-theme-post-title .elementor-heading-title{font-family:var( --e-global-typography-primary-font-family ), Sans-serif;font-size:var( --e-global-typography-primary-font-size );font-weight:var( --e-global-typography-primary-font-weight );color:var( --e-global-color-primary );}.elementor-395 .elementor-element.elementor-element-9a7c8d1 .elementor-heading-title{font-family:\"Helvetica Neue\", Sans-serif;font-size:28.5px;font-weight:400;color:var( --e-global-color-primary );}.elementor-395 .elementor-element.elementor-element-9a7c8d1 > .elementor-widget-container{padding:10px 0px 0px 0px;}.elementor-widget-theme-post-excerpt .elementor-widget-container{font-family:var( --e-global-typography-text-font-family ), Sans-serif;font-size:var( --e-global-typography-text-font-size );font-weight:var( --e-global-typography-text-font-weight );color:var( --e-global-color-text );}.elementor-395 .elementor-element.elementor-element-9ee4af4 .elementor-widget-container{font-family:\"Helvetica Neue\", Sans-serif;font-size:20px;font-weight:300;line-height:1.3;}.elementor-395 .elementor-element.elementor-element-9ee4af4{width:var( --container-widget-width, min(423px,100%) );max-width:min(423px,100%);--container-widget-width:min(423px,100%);--container-widget-flex-grow:0;}@media(max-width:1680px){.elementor-widget-theme-post-featured-image .widget-image-caption{font-size:var( --e-global-typography-text-font-size );}.elementor-395 .elementor-element.elementor-element-b6462e6 img{border-radius:10px 10px 10px 10px;}.elementor-widget-image .widget-image-caption{font-size:var( --e-global-typography-text-font-size );}.elementor-widget-theme-post-title .elementor-heading-title{font-size:var( --e-global-typography-primary-font-size );}.elementor-395 .elementor-element.elementor-element-9a7c8d1 .elementor-heading-title{font-size:22px;line-height:1.2;}.elementor-widget-theme-post-excerpt .elementor-widget-container{font-size:var( --e-global-typography-text-font-size );}.elementor-395 .elementor-element.elementor-element-9ee4af4 .elementor-widget-container{font-size:17px;}}@media(max-width:1440px){.elementor-widget-theme-post-featured-image .widget-image-caption{font-size:var( --e-global-typography-text-font-size );}.elementor-widget-image .widget-image-caption{font-size:var( --e-global-typography-text-font-size );}.elementor-widget-theme-post-title .elementor-heading-title{font-size:var( --e-global-typography-primary-font-size );}.elementor-395 .elementor-element.elementor-element-9a7c8d1 .elementor-heading-title{font-size:22px;}.elementor-widget-theme-post-excerpt .elementor-widget-container{font-size:var( --e-global-typography-text-font-size );}.elementor-395 .elementor-element.elementor-element-9ee4af4 .elementor-widget-container{font-size:16px;}}@media(max-width:1366px){.elementor-widget-theme-post-featured-image .widget-image-caption{font-size:var( --e-global-typography-text-font-size );}.elementor-395 .elementor-element.elementor-element-b6462e6 img{height:250px;}.elementor-widget-image .widget-image-caption{font-size:var( --e-global-typography-text-font-size );}.elementor-widget-theme-post-title .elementor-heading-title{font-size:var( --e-global-typography-primary-font-size );}.elementor-395 .elementor-element.elementor-element-9a7c8d1 .elementor-heading-title{font-size:20px;}.elementor-widget-theme-post-excerpt .elementor-widget-container{font-size:var( --e-global-typography-text-font-size );}}@media(max-width:1280px){.elementor-395 .elementor-element.elementor-element-b6462e6 img{height:220px;}.elementor-395 .elementor-element.elementor-element-9a7c8d1 .elementor-heading-title{font-size:22px;}}@media(max-width:1024px){.elementor-widget-theme-post-featured-image .widget-image-caption{font-size:var( --e-global-typography-text-font-size );}.elementor-395 .elementor-element.elementor-element-b6462e6 img{height:260px;}.elementor-widget-image .widget-image-caption{font-size:var( --e-global-typography-text-font-size );}.elementor-widget-theme-post-title .elementor-heading-title{font-size:var( --e-global-typography-primary-font-size );}.elementor-395 .elementor-element.elementor-element-9a7c8d1 .elementor-heading-title{font-size:20px;}.elementor-widget-theme-post-excerpt .elementor-widget-container{font-size:var( --e-global-typography-text-font-size );}}@media(max-width:767px){.elementor-395 .elementor-element.elementor-element-295d3a5{--gap:0px 0px;--row-gap:0px;--column-gap:0px;}.elementor-widget-theme-post-featured-image .widget-image-caption{font-size:var( --e-global-typography-text-font-size );}.elementor-395 .elementor-element.elementor-element-b6462e6 img{width:100%;max-width:346%;height:334px;object-fit:cover;}.elementor-widget-image .widget-image-caption{font-size:var( --e-global-typography-text-font-size );}.elementor-widget-theme-post-title .elementor-heading-title{font-size:var( --e-global-typography-primary-font-size );}.elementor-395 .elementor-element.elementor-element-9a7c8d1 .elementor-heading-title{font-size:22px;}.elementor-395 .elementor-element.elementor-element-9a7c8d1 > .elementor-widget-container{padding:20px 0px 0px 0px;}.elementor-widget-theme-post-excerpt .elementor-widget-container{font-size:var( --e-global-typography-text-font-size );}.elementor-395 .elementor-element.elementor-element-9ee4af4 .elementor-widget-container{font-size:18px;}.elementor-395 .elementor-element.elementor-element-9ee4af4 > .elementor-widget-container{padding:010px 0px 0px 0px;}}<\/style>\t\t<div data-elementor-type=\"loop-item\" data-elementor-id=\"395\" class=\"elementor elementor-395 e-loop-item e-loop-item-64035 post-64035 our-works type-our-works status-publish format-standard has-post-thumbnail hentry tag-ajax-es tag-css3-es tag-html5-es tag-jquery-es tag-php-es tag-wordpress-cms-es our-work-tag-ajax-es our-work-tag-css3-es our-work-tag-html5-es our-work-tag-jquery-es our-work-tag-php-es our-work-tag-wordpress-cms-es speciality-real-estate\" data-elementor-post-type=\"elementor_library\" data-custom-edit-handle=\"1\">\n\t\t\t<div class=\"elementor-element elementor-element-295d3a5 e-con-full e-flex e-con e-parent\" data-id=\"295d3a5\" data-element_type=\"container\" data-e-type=\"container\">\n\t\t\t\t<div class=\"elementor-element elementor-element-b6462e6 elementor-hidden-mobile our-work-thumbnail elementor-widget elementor-widget-theme-post-featured-image elementor-widget-image\" data-id=\"b6462e6\" data-element_type=\"widget\" data-e-type=\"widget\" data-widget_type=\"theme-post-featured-image.default\">\n\t\t\t\t<div class=\"elementor-widget-container\">\n\t\t\t\t\t\t\t\t\t\t\t\t\t\t\t\t<a href=\"https:\/\/www.sweans.com\/es\/our-works\/galahad\/\">\n\t\t\t\t\t\t\t<img fetchpriority=\"high\" decoding=\"async\" width=\"476\" height=\"333\" src=\"https:\/\/www.sweans.com\/wp-content\/uploads\/2025\/08\/Galahad-preview.jpg\" class=\"elementor-animation-grow attachment-full size-full wp-image-62025\" alt=\"Galahad Thumbnail\" srcset=\"https:\/\/www.sweans.com\/wp-content\/uploads\/2025\/08\/Galahad-preview.jpg 476w, https:\/\/www.sweans.com\/wp-content\/uploads\/2025\/08\/Galahad-preview-300x210.jpg 300w\" sizes=\"(max-width: 476px) 100vw, 476px\" \/>\t\t\t\t\t\t\t\t<\/a>\n\t\t\t\t\t\t\t\t\t\t\t\t\t\t\t<\/div>\n\t\t\t\t<\/div>\n\t\t\t\t<div class=\"elementor-element elementor-element-12748d5 elementor-hidden-desktop elementor-hidden-laptop elementor-hidden-tablet_extra elementor-hidden-tablet elementor-hidden-mobile_extra hide-on-desktop  full-width-image elementor-hidden-breakpoint1 elementor-hidden-breakpoint0 elementor-widget elementor-widget-image\" data-id=\"12748d5\" data-element_type=\"widget\" data-e-type=\"widget\" data-widget_type=\"image.default\">\n\t\t\t\t<div class=\"elementor-widget-container\">\n\t\t\t\t\t\t\t\t\t\t\t\t\t\t\t\t<a href=\"https:\/\/www.sweans.com\/es\/our-works\/galahad\/\">\n\t\t\t\t\t\t\t<img decoding=\"async\" width=\"476\" height=\"333\" src=\"https:\/\/www.sweans.com\/wp-content\/uploads\/2025\/08\/Galahad-preview.jpg\" class=\"attachment-large size-large wp-image-62025\" alt=\"Galahad Thumbnail\" srcset=\"https:\/\/www.sweans.com\/wp-content\/uploads\/2025\/08\/Galahad-preview.jpg 476w, https:\/\/www.sweans.com\/wp-content\/uploads\/2025\/08\/Galahad-preview-300x210.jpg 300w\" sizes=\"(max-width: 476px) 100vw, 476px\" \/>\t\t\t\t\t\t\t\t<\/a>\n\t\t\t\t\t\t\t\t\t\t\t\t\t\t\t<\/div>\n\t\t\t\t<\/div>\n\t\t\t\t<div class=\"elementor-element elementor-element-9a7c8d1 heading-hover-effect elementor-widget elementor-widget-theme-post-title elementor-page-title elementor-widget-heading\" data-id=\"9a7c8d1\" data-element_type=\"widget\" data-e-type=\"widget\" data-widget_type=\"theme-post-title.default\">\n\t\t\t\t<div class=\"elementor-widget-container\">\n\t\t\t\t\t<h3 class=\"elementor-heading-title elementor-size-default\"><a href=\"https:\/\/www.sweans.com\/es\/our-works\/galahad\/\">Galahad<\/a><\/h3>\t\t\t\t<\/div>\n\t\t\t\t<\/div>\n\t\t\t\t<div class=\"elementor-element elementor-element-9ee4af4 elementor-widget__width-initial elementor-widget elementor-widget-theme-post-excerpt\" data-id=\"9ee4af4\" data-element_type=\"widget\" data-e-type=\"widget\" tabindex=\"0\" data-widget_type=\"theme-post-excerpt.default\">\n\t\t\t\t<div class=\"elementor-widget-container\">\n\t\t\t\t\tLuxury Real Estate Website Development in Dubai: Crafting a Bespoke WordPress Experience\t\t\t\t<\/div>\n\t\t\t\t<\/div>\n\t\t\t\t<\/div>\n\t\t\t\t<\/div>\n\t\t\t\t<\/div>\n\t\t\n\t\t\t\t\t\t<\/div>\n\t\t\t\t<\/div>\n\t\t\t\t<\/div>\n\t\t\t\t\t<\/div>\n\t\t\t\t<\/div>\n\t\t\t\t<\/div>\n\t\t","protected":false},"excerpt":{"rendered":"<p>Nuestro trabajo. Visi\u00f3n por industria Belleza Productos Digitales Educaci\u00f3n Electr\u00f3nica Moda V\u00edveres Regalo Gobierno Atenci\u00f3n sanitaria Decoraci\u00f3n del hogar Equipaje Organizaci\u00f3n sin fines de lucro Al aire libre Bien inmueble Venta al por menor Compras Software Viajes y Turismo Bienestar Todo Nos especializamos Accesibilidad Branding Optimizaci\u00f3n de la tasa de conversi\u00f3n Marketing de Destino Estrategia [&hellip;]<\/p>\n","protected":false},"author":1,"featured_media":0,"parent":0,"menu_order":0,"comment_status":"closed","ping_status":"closed","template":"","meta":{"_acf_changed":false,"inline_featured_image":false,"footnotes":""},"class_list":["post-57611","page","type-page","status-publish","hentry"],"acf":[],"_links":{"self":[{"href":"https:\/\/www.sweans.com\/es\/wp-json\/wp\/v2\/pages\/57611","targetHints":{"allow":["GET"]}}],"collection":[{"href":"https:\/\/www.sweans.com\/es\/wp-json\/wp\/v2\/pages"}],"about":[{"href":"https:\/\/www.sweans.com\/es\/wp-json\/wp\/v2\/types\/page"}],"author":[{"embeddable":true,"href":"https:\/\/www.sweans.com\/es\/wp-json\/wp\/v2\/users\/1"}],"replies":[{"embeddable":true,"href":"https:\/\/www.sweans.com\/es\/wp-json\/wp\/v2\/comments?post=57611"}],"version-history":[{"count":0,"href":"https:\/\/www.sweans.com\/es\/wp-json\/wp\/v2\/pages\/57611\/revisions"}],"wp:attachment":[{"href":"https:\/\/www.sweans.com\/es\/wp-json\/wp\/v2\/media?parent=57611"}],"curies":[{"name":"wp","href":"https:\/\/api.w.org\/{rel}","templated":true}]}}